{"id":1546,"date":"2026-02-05T17:11:22","date_gmt":"2026-02-05T16:11:22","guid":{"rendered":"https:\/\/semaine-federale.ffvelo.fr\/2026\/?page_id=1546"},"modified":"2026-02-06T17:48:08","modified_gmt":"2026-02-06T16:48:08","slug":"nos-partenaires","status":"publish","type":"page","link":"https:\/\/semaine-federale.ffvelo.fr\/2026\/nos-partenaires\/","title":{"rendered":"Nos partenaires"},"content":{"rendered":"\n<div class=\"wp-block-cover alignfull is-light wp-elements-008f24d28e73cbd2694fda95abb01416\" style=\"margin-bottom:var(--wp--preset--spacing--50);padding-top:var(--wp--preset--spacing--70);padding-bottom:var(--wp--preset--spacing--70)\"><img loading=\"lazy\" decoding=\"async\" width=\"1024\" height=\"683\" class=\"wp-block-cover__image-background wp-image-24 size-large\" alt=\"Centre ville ch\u00e2teau gontier\" src=\"https:\/\/semaine-federale.ffvelo.fr\/2026\/wp-content\/uploads\/sites\/3\/2025\/07\/Centre-ville-Chateau-Gontier-1024x683.webp\" data-object-fit=\"cover\" srcset=\"https:\/\/semaine-federale.ffvelo.fr\/2026\/wp-content\/uploads\/sites\/3\/2025\/07\/Centre-ville-Chateau-Gontier-1024x683.webp 1024w, https:\/\/semaine-federale.ffvelo.fr\/2026\/wp-content\/uploads\/sites\/3\/2025\/07\/Centre-ville-Chateau-Gontier-300x200.webp 300w, https:\/\/semaine-federale.ffvelo.fr\/2026\/wp-content\/uploads\/sites\/3\/2025\/07\/Centre-ville-Chateau-Gontier-768x512.webp 768w, https:\/\/semaine-federale.ffvelo.fr\/2026\/wp-content\/uploads\/sites\/3\/2025\/07\/Centre-ville-Chateau-Gontier-1536x1024.webp 1536w, https:\/\/semaine-federale.ffvelo.fr\/2026\/wp-content\/uploads\/sites\/3\/2025\/07\/Centre-ville-Chateau-Gontier.webp 1920w\" sizes=\"auto, (max-width: 1024px) 100vw, 1024px\" \/><span aria-hidden=\"true\" class=\"wp-block-cover__background has-beige-background-color has-background-dim-60 has-background-dim\"><\/span><div class=\"wp-block-cover__inner-container has-global-padding is-layout-constrained wp-block-cover-is-layout-constrained\">\n<div class=\"wp-block-group has-global-padding is-content-justification-left is-layout-constrained wp-container-core-group-is-layout-12dd3699 wp-block-group-is-layout-constrained\"><h1 class=\"has-text-align-center wp-block-post-title\">Nos partenaires<\/h1><\/div>\n<\/div><\/div>\n\n\n\n<h2 class=\"wp-block-heading has-text-align-center\">Ils nous soutiennent<\/h2>\n\n\n\n<div class=\"wp-block-columns is-layout-flex wp-container-core-columns-is-layout-28f84493 wp-block-columns-is-layout-flex\">\n<div class=\"wp-block-column is-vertically-aligned-center is-layout-flow wp-block-column-is-layout-flow\">\n<figure class=\"wp-block-image aligncenter size-full is-resized\"><a href=\"https:\/\/www.paysdelaloire.fr\/\"><img loading=\"lazy\" decoding=\"async\" width=\"536\" height=\"292\" src=\"https:\/\/semaine-federale.ffvelo.fr\/2026\/wp-content\/uploads\/sites\/3\/2026\/02\/region-pdl-logo.png\" alt=\"\" class=\"wp-image-1548\" style=\"width:250px\" srcset=\"https:\/\/semaine-federale.ffvelo.fr\/2026\/wp-content\/uploads\/sites\/3\/2026\/02\/region-pdl-logo.png 536w, https:\/\/semaine-federale.ffvelo.fr\/2026\/wp-content\/uploads\/sites\/3\/2026\/02\/region-pdl-logo-300x163.png 300w\" sizes=\"auto, (max-width: 536px) 100vw, 536px\" \/><\/a><\/figure>\n<\/div>\n\n\n\n<div class=\"wp-block-column is-vertically-aligned-center is-layout-flow wp-block-column-is-layout-flow\">\n<figure class=\"wp-block-image aligncenter size-full is-resized\"><a href=\"https:\/\/www.lamayenne.fr\/\"><img loading=\"lazy\" decoding=\"async\" width=\"296\" height=\"297\" src=\"https:\/\/semaine-federale.ffvelo.fr\/2026\/wp-content\/uploads\/sites\/3\/2026\/02\/Mayenne-departement-logo-1.jpg\" alt=\"\" class=\"wp-image-1560\" style=\"aspect-ratio:0.9966777408637874;width:150px;height:auto\" srcset=\"https:\/\/semaine-federale.ffvelo.fr\/2026\/wp-content\/uploads\/sites\/3\/2026\/02\/Mayenne-departement-logo-1.jpg 296w, https:\/\/semaine-federale.ffvelo.fr\/2026\/wp-content\/uploads\/sites\/3\/2026\/02\/Mayenne-departement-logo-1-150x150.jpg 150w\" sizes=\"auto, (max-width: 296px) 100vw, 296px\" \/><\/a><\/figure>\n<\/div>\n\n\n\n<div class=\"wp-block-column is-vertically-aligned-center is-layout-flow wp-block-column-is-layout-flow\">\n<figure class=\"wp-block-image aligncenter size-full is-resized\"><a href=\"https:\/\/www.paysdechateaugontier.fr\/\"><img loading=\"lazy\" decoding=\"async\" width=\"159\" height=\"134\" src=\"https:\/\/semaine-federale.ffvelo.fr\/2026\/wp-content\/uploads\/sites\/3\/2026\/02\/pays-chateau-gontier-logo.png\" alt=\"\" class=\"wp-image-1550\" style=\"width:150px\" \/><\/a><\/figure>\n<\/div>\n\n\n\n<div class=\"wp-block-column is-vertically-aligned-center is-layout-flow wp-block-column-is-layout-flow\">\n<figure class=\"wp-block-image aligncenter size-large is-resized has-custom-border is-style-default\"><a href=\"https:\/\/www.chateaugontiersurmayenne.fr\/\"><img loading=\"lazy\" decoding=\"async\" width=\"196\" height=\"242\" src=\"https:\/\/semaine-federale.ffvelo.fr\/2026\/wp-content\/uploads\/sites\/3\/2026\/02\/ville-chateau-gontier-logo.png\" alt=\"\" class=\"wp-image-1551\" style=\"border-top-left-radius:0px;border-top-right-radius:0px;border-bottom-left-radius:0px;border-bottom-right-radius:0px;width:100px\" \/><\/a><\/figure>\n<\/div>\n\n\n\n<div class=\"wp-block-column is-vertically-aligned-center is-layout-flow wp-block-column-is-layout-flow\">\n<figure class=\"wp-block-image aligncenter size-full is-resized\"><img loading=\"lazy\" decoding=\"async\" width=\"464\" height=\"261\" src=\"https:\/\/semaine-federale.ffvelo.fr\/2026\/wp-content\/uploads\/sites\/3\/2026\/02\/logo-ffv-codep-mayenne-edited.png\" alt=\"\" class=\"wp-image-1614\" style=\"width:250px\" srcset=\"https:\/\/semaine-federale.ffvelo.fr\/2026\/wp-content\/uploads\/sites\/3\/2026\/02\/logo-ffv-codep-mayenne-edited.png 464w, https:\/\/semaine-federale.ffvelo.fr\/2026\/wp-content\/uploads\/sites\/3\/2026\/02\/logo-ffv-codep-mayenne-edited-300x169.png 300w\" sizes=\"auto, (max-width: 464px) 100vw, 464px\" \/><\/figure>\n<\/div>\n\n\n\n<div class=\"wp-block-column is-vertically-aligned-center is-layout-flow wp-block-column-is-layout-flow\">\n<figure class=\"wp-block-image aligncenter size-full is-resized\"><img loading=\"lazy\" decoding=\"async\" width=\"714\" height=\"301\" src=\"https:\/\/semaine-federale.ffvelo.fr\/2026\/wp-content\/uploads\/sites\/3\/2026\/02\/logo-ffv-coreg-pdl.png\" alt=\"\" class=\"wp-image-1613\" style=\"width:250px\" srcset=\"https:\/\/semaine-federale.ffvelo.fr\/2026\/wp-content\/uploads\/sites\/3\/2026\/02\/logo-ffv-coreg-pdl.png 714w, https:\/\/semaine-federale.ffvelo.fr\/2026\/wp-content\/uploads\/sites\/3\/2026\/02\/logo-ffv-coreg-pdl-300x126.png 300w\" sizes=\"auto, (max-width: 714px) 100vw, 714px\" \/><\/figure>\n<\/div>\n<\/div>\n\n\n\n<div style=\"height:40px\" aria-hidden=\"true\" class=\"wp-block-spacer\"><\/div>\n\n\n\n<h2 class=\"wp-block-heading has-text-align-center\">Ils sont nos partenaires<\/h2>\n\n\n\n<div class=\"wp-block-columns is-layout-flex wp-container-core-columns-is-layout-28f84493 wp-block-columns-is-layout-flex\">\n<div class=\"wp-block-column is-vertically-aligned-center is-layout-flow wp-block-column-is-layout-flow\">\n<figure class=\"wp-block-image aligncenter size-full is-resized\"><a href=\"https:\/\/www.creditmutuel.fr\/cmmabn\/fr\/le-groupe\/banque-mutualiste\/presentation-de-Credit-Mutuel-Maine-Anjou-Basse-Normandie.html\"><img loading=\"lazy\" decoding=\"async\" width=\"639\" height=\"161\" src=\"https:\/\/semaine-federale.ffvelo.fr\/2026\/wp-content\/uploads\/sites\/3\/2026\/02\/Credit-Mutuel-Maine-Anjou_Basse-Normandie-Logo.png\" alt=\"\" class=\"wp-image-1552\" style=\"width:400px\" srcset=\"https:\/\/semaine-federale.ffvelo.fr\/2026\/wp-content\/uploads\/sites\/3\/2026\/02\/Credit-Mutuel-Maine-Anjou_Basse-Normandie-Logo.png 639w, https:\/\/semaine-federale.ffvelo.fr\/2026\/wp-content\/uploads\/sites\/3\/2026\/02\/Credit-Mutuel-Maine-Anjou_Basse-Normandie-Logo-300x76.png 300w\" sizes=\"auto, (max-width: 639px) 100vw, 639px\" \/><\/a><\/figure>\n<\/div>\n\n\n\n<div class=\"wp-block-column is-vertically-aligned-center is-layout-flow wp-block-column-is-layout-flow\">\n<figure class=\"wp-block-image aligncenter size-full is-resized\"><a href=\"https:\/\/www.vandb.fr\/?srsltid=AfmBOooKtAcdrcPfvdbE74DHkpoxnoi1uzA_WBHYC3uFiLD60_BzOEOW\"><img loading=\"lazy\" decoding=\"async\" width=\"832\" height=\"580\" src=\"https:\/\/semaine-federale.ffvelo.fr\/2026\/wp-content\/uploads\/sites\/3\/2026\/02\/logo-vandb-noir-plein.png\" alt=\"\" class=\"wp-image-1556\" style=\"width:250px\" srcset=\"https:\/\/semaine-federale.ffvelo.fr\/2026\/wp-content\/uploads\/sites\/3\/2026\/02\/logo-vandb-noir-plein.png 832w, https:\/\/semaine-federale.ffvelo.fr\/2026\/wp-content\/uploads\/sites\/3\/2026\/02\/logo-vandb-noir-plein-300x209.png 300w, https:\/\/semaine-federale.ffvelo.fr\/2026\/wp-content\/uploads\/sites\/3\/2026\/02\/logo-vandb-noir-plein-768x535.png 768w\" sizes=\"auto, (max-width: 832px) 100vw, 832px\" \/><\/a><\/figure>\n<\/div>\n\n\n\n<div class=\"wp-block-column is-vertically-aligned-center is-layout-flow wp-block-column-is-layout-flow\">\n<figure class=\"wp-block-image aligncenter size-full is-resized\"><a href=\"https:\/\/www.e.leclerc\/mag\/e-leclerc-chateau-gontier?srsltid=AfmBOopy04PdB2kYOVmLAgJCW5-yW4y_9ddqfS4yYS4kQVpZdW9z43T9\"><img loading=\"lazy\" decoding=\"async\" width=\"827\" height=\"591\" src=\"https:\/\/semaine-federale.ffvelo.fr\/2026\/wp-content\/uploads\/sites\/3\/2026\/02\/Leclerc-CG-logo.png\" alt=\"\" class=\"wp-image-1554\" style=\"aspect-ratio:3\/2;object-fit:cover;width:250px\" srcset=\"https:\/\/semaine-federale.ffvelo.fr\/2026\/wp-content\/uploads\/sites\/3\/2026\/02\/Leclerc-CG-logo.png 827w, https:\/\/semaine-federale.ffvelo.fr\/2026\/wp-content\/uploads\/sites\/3\/2026\/02\/Leclerc-CG-logo-300x214.png 300w, https:\/\/semaine-federale.ffvelo.fr\/2026\/wp-content\/uploads\/sites\/3\/2026\/02\/Leclerc-CG-logo-768x549.png 768w\" sizes=\"auto, (max-width: 827px) 100vw, 827px\" \/><\/a><\/figure>\n<\/div>\n<\/div>\n\n\n\n<div style=\"height:50px\" aria-hidden=\"true\" class=\"wp-block-spacer\"><\/div>\n\n\n\n<p><\/p>\n","protected":false},"excerpt":{"rendered":"<p>Ils nous soutiennent Ils sont nos partenaires<\/p>\n","protected":false},"author":4,"featured_media":0,"parent":0,"menu_order":0,"comment_status":"closed","ping_status":"closed","template":"","meta":{"slim_seo":{"title":"Nos partenaires - Semaine F\u00e9d\u00e9rale Cyclotourisme 2026 - Ch\u00e2teau-Gontier sur Mayenne","description":"Ils nous soutiennent Ils sont nos partenaires"},"footnotes":""},"class_list":["post-1546","page","type-page","status-publish","hentry"],"_links":{"self":[{"href":"https:\/\/semaine-federale.ffvelo.fr\/2026\/wp-json\/wp\/v2\/pages\/1546","targetHints":{"allow":["GET"]}}],"collection":[{"href":"https:\/\/semaine-federale.ffvelo.fr\/2026\/wp-json\/wp\/v2\/pages"}],"about":[{"href":"https:\/\/semaine-federale.ffvelo.fr\/2026\/wp-json\/wp\/v2\/types\/page"}],"author":[{"embeddable":true,"href":"https:\/\/semaine-federale.ffvelo.fr\/2026\/wp-json\/wp\/v2\/users\/4"}],"replies":[{"embeddable":true,"href":"https:\/\/semaine-federale.ffvelo.fr\/2026\/wp-json\/wp\/v2\/comments?post=1546"}],"version-history":[{"count":12,"href":"https:\/\/semaine-federale.ffvelo.fr\/2026\/wp-json\/wp\/v2\/pages\/1546\/revisions"}],"predecessor-version":[{"id":1615,"href":"https:\/\/semaine-federale.ffvelo.fr\/2026\/wp-json\/wp\/v2\/pages\/1546\/revisions\/1615"}],"wp:attachment":[{"href":"https:\/\/semaine-federale.ffvelo.fr\/2026\/wp-json\/wp\/v2\/media?parent=1546"}],"curies":[{"name":"wp","href":"https:\/\/api.w.org\/{rel}","templated":true}]}}