{"id":1626,"date":"2026-02-16T11:09:24","date_gmt":"2026-02-16T10:09:24","guid":{"rendered":"https:\/\/semaine-federale.ffvelo.fr\/2026\/?page_id=1626"},"modified":"2026-02-16T11:10:13","modified_gmt":"2026-02-16T10:10:13","slug":"mentions-legales","status":"publish","type":"page","link":"https:\/\/semaine-federale.ffvelo.fr\/2026\/mentions-legales\/","title":{"rendered":"Mentions l\u00e9gales"},"content":{"rendered":"\n<div class=\"wp-block-cover alignfull is-light wp-elements-1e94741ec79921bcb70ca2e0dd73832b\" style=\"margin-bottom:var(--wp--preset--spacing--50);padding-top:var(--wp--preset--spacing--70);padding-bottom:var(--wp--preset--spacing--70)\"><img loading=\"lazy\" decoding=\"async\" width=\"1024\" height=\"683\" class=\"wp-block-cover__image-background wp-image-373 size-large\" alt=\"\" src=\"https:\/\/semaine-federale.ffvelo.fr\/2026\/wp-content\/uploads\/sites\/3\/2025\/11\/Chateau_du_Plessis-Bourre-cSebastien_GAUDARD-5646-AnjouTourisme-1920px-1024x683.jpg\" style=\"object-position:56% 74%\" data-object-fit=\"cover\" data-object-position=\"56% 74%\" srcset=\"https:\/\/semaine-federale.ffvelo.fr\/2026\/wp-content\/uploads\/sites\/3\/2025\/11\/Chateau_du_Plessis-Bourre-cSebastien_GAUDARD-5646-AnjouTourisme-1920px-1024x683.jpg 1024w, https:\/\/semaine-federale.ffvelo.fr\/2026\/wp-content\/uploads\/sites\/3\/2025\/11\/Chateau_du_Plessis-Bourre-cSebastien_GAUDARD-5646-AnjouTourisme-1920px-300x200.jpg 300w, https:\/\/semaine-federale.ffvelo.fr\/2026\/wp-content\/uploads\/sites\/3\/2025\/11\/Chateau_du_Plessis-Bourre-cSebastien_GAUDARD-5646-AnjouTourisme-1920px-768x512.jpg 768w, https:\/\/semaine-federale.ffvelo.fr\/2026\/wp-content\/uploads\/sites\/3\/2025\/11\/Chateau_du_Plessis-Bourre-cSebastien_GAUDARD-5646-AnjouTourisme-1920px-1536x1024.jpg 1536w, https:\/\/semaine-federale.ffvelo.fr\/2026\/wp-content\/uploads\/sites\/3\/2025\/11\/Chateau_du_Plessis-Bourre-cSebastien_GAUDARD-5646-AnjouTourisme-1920px.jpg 1920w\" sizes=\"auto, (max-width: 1024px) 100vw, 1024px\" \/><span aria-hidden=\"true\" class=\"wp-block-cover__background has-beige-background-color has-background-dim-60 has-background-dim\"><\/span><div class=\"wp-block-cover__inner-container has-global-padding is-layout-constrained wp-block-cover-is-layout-constrained\">\n<div class=\"wp-block-group has-global-padding is-content-justification-left is-layout-constrained wp-container-core-group-is-layout-12dd3699 wp-block-group-is-layout-constrained\"><h1 class=\"has-text-align-center wp-block-post-title\">Mentions l\u00e9gales<\/h1><\/div>\n<\/div><\/div>\n\n\n\n<p><strong>Derni\u00e8re mise \u00e0 jour : 16 f\u00e9vrier 2026<\/strong><\/p>\n\n\n\n<p>Conform\u00e9ment aux dispositions des articles 6-III et 19 de la loi n\u00b02004-575 du 21 juin 2004 pour la Confiance dans l\u2019\u00c9conomie Num\u00e9rique (LCEN), les pr\u00e9sentes mentions l\u00e9gales sont port\u00e9es \u00e0 la connaissance des utilisateurs du site <strong>de la semaine f\u00e9d\u00e9rale 2026 &#8211;&nbsp; https:\/\/semaine-federale.ffvelo.fr\/2026\/<\/strong>.<\/p>\n\n\n\n<hr class=\"wp-block-separator has-alpha-channel-opacity\" \/>\n\n\n\n<h2 class=\"wp-block-heading\"><strong>1. \u00c9diteur du site<\/strong><\/h2>\n\n\n\n<p>Le site <strong>Semaine F\u00e9d\u00e9rale 2026<\/strong> est \u00e9dit\u00e9 par :<\/p>\n\n\n\n<p><strong>Cyclo Club de Ch\u00e2teau-Gontier<\/strong><strong><br><\/strong><strong>Association<\/strong><br>Immatricul\u00e9e sous le num\u00e9ro : <strong>53058431700016<\/strong><\/p>\n\n\n\n<p><strong>Si\u00e8ge social<\/strong> :<br>CENTRE COMMERCIAL DE BAZOUGES, 53200 CH\u00c2TEAU-GONTIER-SUR-MAYENNE<\/p>\n\n\n\n<p><strong>Email<\/strong> : contact@cycloclubpaysdechateau-gontier.fr<\/p>\n\n\n\n<p><strong>Directeur \/ Directrice de la publication<\/strong> :<br>Philippe Lefur<\/p>\n\n\n\n<hr class=\"wp-block-separator has-alpha-channel-opacity\" \/>\n\n\n\n<h2 class=\"wp-block-heading\"><strong>2. H\u00e9bergement du site<\/strong><\/h2>\n\n\n\n<p>Le site est h\u00e9berg\u00e9 par :<\/p>\n\n\n\n<p>OVH<\/p>\n\n\n\n<p>SAS au capital de 10 174 560 \u20ac<\/p>\n\n\n\n<p>RCS Lille M\u00e9tropole 424 761 419 00045<\/p>\n\n\n\n<p>Code APE 2620Z<\/p>\n\n\n\n<p>N\u00b0 TVA : FR 22 424 761 419<\/p>\n\n\n\n<p>Si\u00e8ge social : 2 rue Kellermann \u2013 59100 Roubaix \u2013 France<\/p>\n\n\n\n<hr class=\"wp-block-separator has-alpha-channel-opacity\" \/>\n\n\n\n<h2 class=\"wp-block-heading\"><strong>3. Conception \/ r\u00e9alisation<\/strong><\/h2>\n\n\n\n<p>La conception graphique, le d\u00e9veloppement et la maintenance du site sont assur\u00e9s par :<br>Vamos Communication<br>14 bis, Rue Alexandre Fournier<br>53200 Ch\u00e2teau Gontier sur Mayenne<\/p>\n\n\n\n<p><a href=\"https:\/\/vamos-communication.fr\/\">vamos-communication.fr<\/a><\/p>\n\n\n\n<hr class=\"wp-block-separator has-alpha-channel-opacity\" \/>\n\n\n\n<h2 class=\"wp-block-heading\"><strong>4. Propri\u00e9t\u00e9 intellectuelle<\/strong><\/h2>\n\n\n\n<p>L\u2019ensemble des contenus publi\u00e9s sur le site (textes, images, graphismes, vid\u00e9os, logos, ic\u00f4nes, structure, etc.) sont prot\u00e9g\u00e9s par le Code de la propri\u00e9t\u00e9 intellectuelle.<\/p>\n\n\n\n<p>Toute reproduction, repr\u00e9sentation, modification ou adaptation, totale ou partielle, est interdite sans l\u2019autorisation \u00e9crite pr\u00e9alable de <strong>la Semaine F\u00e9d\u00e9rale 2026<\/strong>.<\/p>\n\n\n\n<hr class=\"wp-block-separator has-alpha-channel-opacity\" \/>\n\n\n\n<h2 class=\"wp-block-heading\"><strong>5. Donn\u00e9es personnelles<\/strong><\/h2>\n\n\n\n<p>Les traitements de donn\u00e9es personnelles r\u00e9alis\u00e9s via le site sont d\u00e9crits dans la <strong>Politique de Confidentialit\u00e9<\/strong> accessible ici :<br><strong><a href=\"https:\/\/semaine-federale.ffvelo.fr\/2026\/politique-de-confidentialite\/\">Lire la politique de confidentialit\u00e9<\/a><\/strong>.<\/p>\n\n\n\n<p>Conform\u00e9ment au RGPD et \u00e0 la loi Informatique et Libert\u00e9s, tout utilisateur dispose des droits suivants :<\/p>\n\n\n\n<ul class=\"wp-block-list\">\n<li>droit d\u2019acc\u00e8s<br><\/li>\n\n\n\n<li>droit de rectification<br><\/li>\n\n\n\n<li>droit d\u2019effacement<br><\/li>\n\n\n\n<li>droit d\u2019opposition<br><\/li>\n\n\n\n<li>droit de limitation<br><\/li>\n\n\n\n<li>droit \u00e0 la portabilit\u00e9<br><\/li>\n\n\n\n<li>droit de retirer son consentement<br><\/li>\n\n\n\n<li>droit de d\u00e9finir des directives post-mortem<br><\/li>\n<\/ul>\n\n\n\n<p>Pour exercer vos droits :<br>Email : sf2026.info@ffvelo.fr<strong><br><\/strong>Adresse postale : 48 rue de la Lib\u00e9ration, 53200 Ch\u00e2teau-Gontier sur Mayenne<\/p>\n\n\n\n<hr class=\"wp-block-separator has-alpha-channel-opacity\" \/>\n\n\n\n<h2 class=\"wp-block-heading\"><strong>6. Liens hypertextes<\/strong><\/h2>\n\n\n\n<p>Le site peut contenir des liens vers des sites tiers.<br>La Semaine f\u00e9d\u00e9rale 2026 ne peut \u00eatre tenue responsable :<\/p>\n\n\n\n<ul class=\"wp-block-list\">\n<li>du contenu de ces sites,<br><\/li>\n\n\n\n<li>des pratiques en mati\u00e8re de donn\u00e9es personnelles,<br><\/li>\n\n\n\n<li>ni de tout dommage \u00e9ventuel li\u00e9 \u00e0 leur consultation.<br><\/li>\n<\/ul>\n\n\n\n<hr class=\"wp-block-separator has-alpha-channel-opacity\" \/>\n\n\n\n<h2 class=\"wp-block-heading\"><strong>7. Responsabilit\u00e9<\/strong><\/h2>\n\n\n\n<p><strong>La Semaine f\u00e9d\u00e9rale 2026<\/strong> s\u2019efforce d&rsquo;assurer l\u2019exactitude des informations diffus\u00e9es sur le site.<br>Toutefois, l\u2019\u00e9diteur ne peut garantir :<\/p>\n\n\n\n<ul class=\"wp-block-list\">\n<li>l\u2019absence d\u2019erreurs,<br><\/li>\n\n\n\n<li>la disponibilit\u00e9 continue du site,<br><\/li>\n\n\n\n<li>ni la s\u00e9curit\u00e9 absolue contre les intrusions.<br><\/li>\n<\/ul>\n\n\n\n<p>En cons\u00e9quence, l\u2019utilisateur reconna\u00eet utiliser les informations \u00e0 ses propres risques.<\/p>\n\n\n\n<hr class=\"wp-block-separator has-alpha-channel-opacity\" \/>\n\n\n\n<h2 class=\"wp-block-heading\"><strong>8. Loi applicable<\/strong><\/h2>\n\n\n\n<p>Les pr\u00e9sentes mentions l\u00e9gales sont r\u00e9gies par le <strong>droit fran\u00e7ais<\/strong>.<br>En cas de litige et \u00e0 d\u00e9faut de solution amiable, les tribunaux comp\u00e9tents seront ceux du ressort du si\u00e8ge social de <strong>La Semaine f\u00e9d\u00e9rale 2026<\/strong>.<\/p>\n\n\n\n<div style=\"height:40px\" aria-hidden=\"true\" class=\"wp-block-spacer\"><\/div>\n\n\n\n<p><\/p>\n","protected":false},"excerpt":{"rendered":"<p>Derni\u00e8re mise \u00e0 jour : 16 f\u00e9vrier 2026 Conform\u00e9ment aux dispositions des articles 6-III et 19 de la loi n\u00b02004-575 du 21 juin 2004 pour la Confiance dans l\u2019\u00c9conomie Num\u00e9rique (LCEN), les pr\u00e9sentes mentions l\u00e9gales sont port\u00e9es \u00e0 la connaissance des utilisateurs du site de la semaine f\u00e9d\u00e9rale 2026 &#8211;&nbsp; https:\/\/semaine-federale.ffvelo.fr\/2026\/. 1. \u00c9diteur du site [&hellip;]<\/p>\n","protected":false},"author":4,"featured_media":0,"parent":0,"menu_order":0,"comment_status":"closed","ping_status":"closed","template":"","meta":{"slim_seo":{"title":"Mentions l\u00e9gales - Semaine F\u00e9d\u00e9rale Cyclotourisme 2026 - Ch\u00e2teau-Gontier sur Mayenne","description":"Derni\u00e8re mise \u00e0 jour : 16 f\u00e9vrier 2026 Conform\u00e9ment aux dispositions des articles 6-III et 19 de la loi n\u00b02004-575 du 21 juin 2004 pour la Confiance dans l\u2019\u00c9con"},"footnotes":""},"class_list":["post-1626","page","type-page","status-publish","hentry"],"_links":{"self":[{"href":"https:\/\/semaine-federale.ffvelo.fr\/2026\/wp-json\/wp\/v2\/pages\/1626","targetHints":{"allow":["GET"]}}],"collection":[{"href":"https:\/\/semaine-federale.ffvelo.fr\/2026\/wp-json\/wp\/v2\/pages"}],"about":[{"href":"https:\/\/semaine-federale.ffvelo.fr\/2026\/wp-json\/wp\/v2\/types\/page"}],"author":[{"embeddable":true,"href":"https:\/\/semaine-federale.ffvelo.fr\/2026\/wp-json\/wp\/v2\/users\/4"}],"replies":[{"embeddable":true,"href":"https:\/\/semaine-federale.ffvelo.fr\/2026\/wp-json\/wp\/v2\/comments?post=1626"}],"version-history":[{"count":4,"href":"https:\/\/semaine-federale.ffvelo.fr\/2026\/wp-json\/wp\/v2\/pages\/1626\/revisions"}],"predecessor-version":[{"id":1632,"href":"https:\/\/semaine-federale.ffvelo.fr\/2026\/wp-json\/wp\/v2\/pages\/1626\/revisions\/1632"}],"wp:attachment":[{"href":"https:\/\/semaine-federale.ffvelo.fr\/2026\/wp-json\/wp\/v2\/media?parent=1626"}],"curies":[{"name":"wp","href":"https:\/\/api.w.org\/{rel}","templated":true}]}}